{"id":142,"date":"2018-02-24T15:33:57","date_gmt":"2018-02-24T15:33:57","guid":{"rendered":"https:\/\/www.colart.com\/en\/?page_id=142"},"modified":"2023-12-09T16:18:55","modified_gmt":"2023-12-09T16:18:55","slug":"owner","status":"publish","type":"page","link":"https:\/\/www.colart.com\/en\/our-story\/owner\/","title":{"rendered":"Owner"},"content":{"rendered":"<div id=\"pl-142\"  class=\"panel-layout\" ><div id=\"pg-142-0\"  class=\"panel-grid panel-no-style\" ><div id=\"pgc-142-0-0\"  class=\"panel-grid-cell\" ><div id=\"panel-142-0-0-0\" class=\"so-panel widget widget_colart-hero-widget colart-hero-widget panel-first-child panel-last-child\" data-index=\"0\" ><div class=\"col-widget-hero-image\">\n\n    <div class=\"col-hero-header hero-section-bg-cover\">\n\n        <div class=\"hero-background\">\n\n            <div class=\"col-image-bg\" style=\"background-image: url(https:\/\/www.colart.com\/en\/wp-content\/uploads\/sites\/21\/2019\/12\/COL-1234-Corporate-Brand-Products-Image-scaled.jpg);\"><\/div>\n\n        <\/div>\n        <!-- .hero-background -->\n\n        <div class=\"col-overlay\" style=\"background-color: rgba(51, 51, 51, 0);\"><\/div>\n\n        <div class=\"hero-header-content\">\n\n            <div class=\"hero-custom-header\">\n                <div class=\"hero-left-title pull-left\">\n                                        <h1>Our Owner<\/h1>\n                                                        <\/div>\n                            <\/div>\n        <\/div>\n    <\/div>\n<\/div>\n<\/div><\/div><\/div><div id=\"pg-142-1\"  class=\"panel-grid panel-no-style\" ><div id=\"pgc-142-1-0\"  class=\"panel-grid-cell\" ><div id=\"panel-142-1-0-0\" class=\"so-panel widget widget_colart-feature-widget colart-feature-widget panel-first-child panel-last-child\" data-index=\"1\" >  <div class=\"row no-gutters featured-wrapper featured-fullwidth bg-mid-gray\">\n      <div class=\"col-12 content-column\">\n          <!--align-self-center-->\n          <div class=\"featured-content-wrapper my-auto py-auto\">\n\n            <div class=\"heading-black-on-white\">\n              <h1 class=\"sow-headline\">BACKGROUND <\/h1>\n            <\/div>\n            <div class='feature-widget-body'><p>Lind&eacute;ngruppen is a second-generation family business focusing on sustainable long-term development of industrial companies.<\/p>\n<p>The Lind&eacute;ngruppen purpose is to empower its' companies to prosper and lead the transformation to a sustainable world. This is reflected in their overarching strategy to expand their positive impact by strengthening Group companies, making them sector leaders in the transformation to a sustainable world.<\/p>\n<p>&nbsp;<\/p>\n<\/div><div class='visit-button'><a href='http:\/\/lindengruppen.com\/'>Visit Site<\/a><\/div>          <\/div>\n      <\/div>\n    <\/div>\n<\/div><\/div><div id=\"pgc-142-1-1\"  class=\"panel-grid-cell\" ><div id=\"panel-142-1-1-0\" class=\"so-panel widget widget_colart-feature-widget colart-feature-widget panel-first-child panel-last-child\" data-index=\"2\" >  <div class=\"row no-gutters featured-wrapper featured-fullwidth bg-battleship-blue\">\n      <div class=\"col-12 content-column\">\n          <!--align-self-center-->\n          <div class=\"featured-content-wrapper my-auto py-auto\">\n\n            <div class=\"heading-black-on-white\">\n              <h1 class=\"sow-headline\">F\u00c4RGFABRIKEN <\/h1>\n            <\/div>\n\n            <div class='feature-widget-body'><p>Lind&eacute;ngruppen is the main sponsor of the F&auml;rgfabriken Foundation &ndash; an exhibition space and experimental platform for art, architecture, social and urban development.<\/p>\n<p>From 1902 until the 1990s F&auml;rgfabriken was Beckers' paint factory in Stockholm. Today it's a site for exhibitions, workshops, and talks. The purpose is to challenge, engage and create new connections and collaborations.<\/p>\n<p>&nbsp;<\/p>\n<\/div><div class='visit-button'><a href='http:\/\/www.fargfabriken.se\/en\/'>Visit Site<\/a><\/div>          <\/div>\n      <\/div>\n    <\/div>\n<\/div><\/div><\/div><div id=\"pg-142-2\"  class=\"panel-grid panel-no-style\" ><div id=\"pgc-142-2-0\"  class=\"panel-grid-cell\" ><div id=\"panel-142-2-0-0\" class=\"so-panel widget widget_taxonomytemplated panel-first-child panel-last-child taxonomylist-grid-of-4-no-excerpt\" data-index=\"3\" >\n<div class=\"article-grid\" >\n    <div class=\"row no-gutters\">\n        <h1 class=\"sr-only\">Articles<\/h1>\n    <div class=\"col-12 col-lg-3 col-md-6 col-sm-6\"><article class=\"feature\">\n    <a href=\"https:\/\/www.colart.com\/en\/news\/new-starter-announcement-simran-popat\/\">\n                    <div class=\"post-thumbnail\">\n                <img loading=\"lazy\" decoding=\"async\" width=\"342\" height=\"518\" src=\"https:\/\/www.colart.com\/en\/wp-content\/uploads\/sites\/21\/2026\/04\/Congratulations-A4-1-342x518.png\" class=\"attachment-large-portrait-thumb size-large-portrait-thumb\" alt=\"\" srcset=\"https:\/\/www.colart.com\/en\/wp-content\/uploads\/sites\/21\/2026\/04\/Congratulations-A4-1-342x518.png 342w, https:\/\/www.colart.com\/en\/wp-content\/uploads\/sites\/21\/2026\/04\/Congratulations-A4-1-684x1036.png 684w, https:\/\/www.colart.com\/en\/wp-content\/uploads\/sites\/21\/2026\/04\/Congratulations-A4-1-200x303.png 200w, https:\/\/www.colart.com\/en\/wp-content\/uploads\/sites\/21\/2026\/04\/Congratulations-A4-1-171x259.png 171w\" sizes=\"auto, (max-width: 342px) 100vw, 342px\" \/>            <\/div>\n                <div class=\"post-content-wrapper\">\n            <div class=\"post-header\">\n                <h6 class=\"article-date\"><span>24\/04\/2026<\/span><\/h6>\n                <h5 class=\"article-title\"><span>NEW STARTER ANNOUNCEMENT: Simran Popat<\/span><\/h5>\n            <\/div>\n            <div class=\"post-excerpt\">\n                <p>We\u2019re pleased to welcome Simran Popat to the business as our new Group Legal Counsel, based in London. Simran joins [&hellip;] <\/p>\n<div class=\"visit-button\">Read More<\/div>\n            <\/div>\n        <\/div>\n    <\/a>\n<\/article>\n<\/div><div class=\"col-12 col-lg-3 col-md-6 col-sm-6\"><article class=\"feature\">\n    <a href=\"https:\/\/www.colart.com\/en\/news\/new-starter-announcement-kaichen-lin\/\">\n                    <div class=\"post-thumbnail\">\n                <img loading=\"lazy\" decoding=\"async\" width=\"342\" height=\"518\" src=\"https:\/\/www.colart.com\/en\/wp-content\/uploads\/sites\/21\/2026\/04\/Congratulations-A4-342x518.png\" class=\"attachment-large-portrait-thumb size-large-portrait-thumb\" alt=\"\" srcset=\"https:\/\/www.colart.com\/en\/wp-content\/uploads\/sites\/21\/2026\/04\/Congratulations-A4-342x518.png 342w, https:\/\/www.colart.com\/en\/wp-content\/uploads\/sites\/21\/2026\/04\/Congratulations-A4-684x1036.png 684w, https:\/\/www.colart.com\/en\/wp-content\/uploads\/sites\/21\/2026\/04\/Congratulations-A4-200x303.png 200w, https:\/\/www.colart.com\/en\/wp-content\/uploads\/sites\/21\/2026\/04\/Congratulations-A4-171x259.png 171w\" sizes=\"auto, (max-width: 342px) 100vw, 342px\" \/>            <\/div>\n                <div class=\"post-content-wrapper\">\n            <div class=\"post-header\">\n                <h6 class=\"article-date\"><span>15\/04\/2026<\/span><\/h6>\n                <h5 class=\"article-title\"><span>New Starter Announcement: <strong>Kaichen Lin<\/strong><\/span><\/h5>\n            <\/div>\n            <div class=\"post-excerpt\">\n                <p>Please join us in welcoming Kaichen Lin who has joined the UK Marketing team as UK Marketing Assistant on 14th [&hellip;] <\/p>\n<div class=\"visit-button\">Read More<\/div>\n            <\/div>\n        <\/div>\n    <\/a>\n<\/article>\n<\/div><div class=\"col-12 col-lg-3 col-md-6 col-sm-6\"><article class=\"feature\">\n    <a href=\"https:\/\/www.colart.com\/en\/news\/uk-market-launches-wn-art-mail-with-artist-event-at-mall-galleries-in-london\/\">\n                    <div class=\"post-thumbnail\">\n                <img loading=\"lazy\" decoding=\"async\" width=\"342\" height=\"454\" src=\"https:\/\/www.colart.com\/en\/wp-content\/uploads\/sites\/21\/2026\/04\/Screenshot-2026-04-07-095242-342x454.png\" class=\"attachment-large-portrait-thumb size-large-portrait-thumb\" alt=\"\" \/>            <\/div>\n                <div class=\"post-content-wrapper\">\n            <div class=\"post-header\">\n                <h6 class=\"article-date\"><span>10\/04\/2026<\/span><\/h6>\n                <h5 class=\"article-title\"><span>UK Market launches W&#038;N Art Mail with artist event at Mal...<\/span><\/h5>\n            <\/div>\n            <div class=\"post-excerpt\">\n                <p>On the 2nd April, the global launch day of the Winsor &amp; Newton Art Mail campaign, the UK team held [&hellip;] <\/p>\n<div class=\"visit-button\">Read More<\/div>\n            <\/div>\n        <\/div>\n    <\/a>\n<\/article>\n<\/div><div class=\"col-12 col-lg-3 col-md-6 col-sm-6\"><article class=\"feature\">\n    <a href=\"https:\/\/www.colart.com\/en\/news\/winsor-newton-x-toms-studio-a-sustainably-designed-collaboration\/\">\n                    <div class=\"post-thumbnail\">\n                <img loading=\"lazy\" decoding=\"async\" width=\"342\" height=\"518\" src=\"https:\/\/www.colart.com\/en\/wp-content\/uploads\/sites\/21\/2026\/04\/pic-2-342x518.jpg\" class=\"attachment-large-portrait-thumb size-large-portrait-thumb\" alt=\"\" srcset=\"https:\/\/www.colart.com\/en\/wp-content\/uploads\/sites\/21\/2026\/04\/pic-2-342x518.jpg 342w, https:\/\/www.colart.com\/en\/wp-content\/uploads\/sites\/21\/2026\/04\/pic-2-200x303.jpg 200w, https:\/\/www.colart.com\/en\/wp-content\/uploads\/sites\/21\/2026\/04\/pic-2-171x259.jpg 171w\" sizes=\"auto, (max-width: 342px) 100vw, 342px\" \/>            <\/div>\n                <div class=\"post-content-wrapper\">\n            <div class=\"post-header\">\n                <h6 class=\"article-date\"><span>10\/04\/2026<\/span><\/h6>\n                <h5 class=\"article-title\"><span>Winsor &amp; Newton x Tom\u2019s Studio: A sustainably designed co...<\/span><\/h5>\n            <\/div>\n            <div class=\"post-excerpt\">\n                <p>To celebrate Winsor &amp; Newton\u2019s B Corp status during International B Corp Month, we have launched a limited-edition collaboration with [&hellip;] <\/p>\n<div class=\"visit-button\">Read More<\/div>\n            <\/div>\n        <\/div>\n    <\/a>\n<\/article>\n<\/div>    <\/div>\n<\/div>\n<\/div><\/div><\/div><\/div>","protected":false},"excerpt":{"rendered":"\n<div class=\"visit-button\">Read More<\/div>\n","protected":false},"author":1,"featured_media":0,"parent":130,"menu_order":0,"comment_status":"closed","ping_status":"closed","template":"","meta":{"_acf_changed":false,"footnotes":""},"colart_campaign":[],"class_list":["post-142","page","type-page","status-publish","hentry"],"acf":[],"yoast_head":"<!-- This site is optimized with the Yoast SEO Premium plugin v24.4 (Yoast SEO v26.2) - https:\/\/yoast.com\/wordpress\/plugins\/seo\/ -->\n<title>Owner | Colart<\/title>\n<meta name=\"description\" content=\"Founded by Ulf G. Lind\u00e9n in the 1980&#039;s, the company is now owned by his daughter Jenny Lind\u00e9n Urnes who continues to run the company based on the Lind\u00e9n family values.\" \/>\n<meta name=\"robots\" content=\"index, follow, max-snippet:-1, max-image-preview:large, max-video-preview:-1\" \/>\n<link rel=\"canonical\" href=\"https:\/\/www.colart.com\/en\/our-story\/owner\/\" \/>\n<meta property=\"og:locale\" content=\"en_US\" \/>\n<meta property=\"og:type\" content=\"article\" \/>\n<meta property=\"og:title\" content=\"Owner\" \/>\n<meta property=\"og:description\" content=\"Founded by Ulf G. Lind\u00e9n in the 1980&#039;s, the company is now owned by his daughter Jenny Lind\u00e9n Urnes who continues to run the company based on the Lind\u00e9n family values.\" \/>\n<meta property=\"og:url\" content=\"https:\/\/www.colart.com\/en\/our-story\/owner\/\" \/>\n<meta property=\"og:site_name\" content=\"Colart\" \/>\n<meta property=\"article:publisher\" content=\"https:\/\/www.facebook.com\/colartunited\/\" \/>\n<meta property=\"article:modified_time\" content=\"2023-12-09T16:18:55+00:00\" \/>\n<meta property=\"og:image\" content=\"https:\/\/www.colart.com\/en\/wp-content\/uploads\/sites\/21\/2018\/05\/COLART-ALL-BRANDS-STILL-LIFE_UPDATED_linkeidnspecs.jpg\" \/>\n\t<meta property=\"og:image:width\" content=\"1536\" \/>\n\t<meta property=\"og:image:height\" content=\"768\" \/>\n\t<meta property=\"og:image:type\" content=\"image\/jpeg\" \/>\n<meta name=\"twitter:card\" content=\"summary_large_image\" \/>\n<meta name=\"twitter:site\" content=\"@colart_united\" \/>\n<meta name=\"twitter:label1\" content=\"Est. reading time\" \/>\n\t<meta name=\"twitter:data1\" content=\"1 minute\" \/>\n<script type=\"application\/ld+json\" class=\"yoast-schema-graph\">{\"@context\":\"https:\/\/schema.org\",\"@graph\":[{\"@type\":\"WebPage\",\"@id\":\"https:\/\/www.colart.com\/en\/our-story\/owner\/\",\"url\":\"https:\/\/www.colart.com\/en\/our-story\/owner\/\",\"name\":\"Owner | Colart\",\"isPartOf\":{\"@id\":\"https:\/\/www.colart.com\/en\/#website\"},\"datePublished\":\"2018-02-24T15:33:57+00:00\",\"dateModified\":\"2023-12-09T16:18:55+00:00\",\"description\":\"Founded by Ulf G. Lind\u00e9n in the 1980's, the company is now owned by his daughter Jenny Lind\u00e9n Urnes who continues to run the company based on the Lind\u00e9n family values.\",\"breadcrumb\":{\"@id\":\"https:\/\/www.colart.com\/en\/our-story\/owner\/#breadcrumb\"},\"inLanguage\":\"en-US\",\"potentialAction\":[{\"@type\":\"ReadAction\",\"target\":[\"https:\/\/www.colart.com\/en\/our-story\/owner\/\"]}]},{\"@type\":\"BreadcrumbList\",\"@id\":\"https:\/\/www.colart.com\/en\/our-story\/owner\/#breadcrumb\",\"itemListElement\":[{\"@type\":\"ListItem\",\"position\":1,\"name\":\"Home\",\"item\":\"https:\/\/www.colart.com\/en\/\"},{\"@type\":\"ListItem\",\"position\":2,\"name\":\"Our Story\",\"item\":\"https:\/\/www.colart.com\/en\/our-story\/\"},{\"@type\":\"ListItem\",\"position\":3,\"name\":\"Owner\"}]},{\"@type\":\"WebSite\",\"@id\":\"https:\/\/www.colart.com\/en\/#website\",\"url\":\"https:\/\/www.colart.com\/en\/\",\"name\":\"Colart\",\"description\":\"\",\"publisher\":{\"@id\":\"https:\/\/www.colart.com\/en\/#organization\"},\"potentialAction\":[{\"@type\":\"SearchAction\",\"target\":{\"@type\":\"EntryPoint\",\"urlTemplate\":\"https:\/\/www.colart.com\/en\/?s={search_term_string}\"},\"query-input\":{\"@type\":\"PropertyValueSpecification\",\"valueRequired\":true,\"valueName\":\"search_term_string\"}}],\"inLanguage\":\"en-US\"},{\"@type\":\"Organization\",\"@id\":\"https:\/\/www.colart.com\/en\/#organization\",\"name\":\"Colart\",\"url\":\"https:\/\/www.colart.com\/en\/\",\"logo\":{\"@type\":\"ImageObject\",\"inLanguage\":\"en-US\",\"@id\":\"https:\/\/www.colart.com\/en\/#\/schema\/logo\/image\/\",\"url\":\"https:\/\/www.colart.com\/en\/wp-content\/uploads\/sites\/21\/2018\/05\/colart-logo.png\",\"contentUrl\":\"https:\/\/www.colart.com\/en\/wp-content\/uploads\/sites\/21\/2018\/05\/colart-logo.png\",\"width\":80,\"height\":115,\"caption\":\"Colart\"},\"image\":{\"@id\":\"https:\/\/www.colart.com\/en\/#\/schema\/logo\/image\/\"},\"sameAs\":[\"https:\/\/www.facebook.com\/colartunited\/\",\"https:\/\/x.com\/colart_united\",\"https:\/\/www.instagram.com\/colart_united\/\",\"https:\/\/www.linkedin.com\/company\/colart\/\",\"https:\/\/www.youtube.com\/channel\/UCt0-b04NSCvaFEK-1R9MvhQ\"]}]}<\/script>\n<!-- \/ Yoast SEO Premium plugin. -->","yoast_head_json":{"title":"Owner | Colart","description":"Founded by Ulf G. Lind\u00e9n in the 1980's, the company is now owned by his daughter Jenny Lind\u00e9n Urnes who continues to run the company based on the Lind\u00e9n family values.","robots":{"index":"index","follow":"follow","max-snippet":"max-snippet:-1","max-image-preview":"max-image-preview:large","max-video-preview":"max-video-preview:-1"},"canonical":"https:\/\/www.colart.com\/en\/our-story\/owner\/","og_locale":"en_US","og_type":"article","og_title":"Owner","og_description":"Founded by Ulf G. Lind\u00e9n in the 1980's, the company is now owned by his daughter Jenny Lind\u00e9n Urnes who continues to run the company based on the Lind\u00e9n family values.","og_url":"https:\/\/www.colart.com\/en\/our-story\/owner\/","og_site_name":"Colart","article_publisher":"https:\/\/www.facebook.com\/colartunited\/","article_modified_time":"2023-12-09T16:18:55+00:00","og_image":[{"width":1536,"height":768,"url":"https:\/\/www.colart.com\/en\/wp-content\/uploads\/sites\/21\/2018\/05\/COLART-ALL-BRANDS-STILL-LIFE_UPDATED_linkeidnspecs.jpg","type":"image\/jpeg"}],"twitter_card":"summary_large_image","twitter_site":"@colart_united","twitter_misc":{"Est. reading time":"1 minute"},"schema":{"@context":"https:\/\/schema.org","@graph":[{"@type":"WebPage","@id":"https:\/\/www.colart.com\/en\/our-story\/owner\/","url":"https:\/\/www.colart.com\/en\/our-story\/owner\/","name":"Owner | Colart","isPartOf":{"@id":"https:\/\/www.colart.com\/en\/#website"},"datePublished":"2018-02-24T15:33:57+00:00","dateModified":"2023-12-09T16:18:55+00:00","description":"Founded by Ulf G. Lind\u00e9n in the 1980's, the company is now owned by his daughter Jenny Lind\u00e9n Urnes who continues to run the company based on the Lind\u00e9n family values.","breadcrumb":{"@id":"https:\/\/www.colart.com\/en\/our-story\/owner\/#breadcrumb"},"inLanguage":"en-US","potentialAction":[{"@type":"ReadAction","target":["https:\/\/www.colart.com\/en\/our-story\/owner\/"]}]},{"@type":"BreadcrumbList","@id":"https:\/\/www.colart.com\/en\/our-story\/owner\/#breadcrumb","itemListElement":[{"@type":"ListItem","position":1,"name":"Home","item":"https:\/\/www.colart.com\/en\/"},{"@type":"ListItem","position":2,"name":"Our Story","item":"https:\/\/www.colart.com\/en\/our-story\/"},{"@type":"ListItem","position":3,"name":"Owner"}]},{"@type":"WebSite","@id":"https:\/\/www.colart.com\/en\/#website","url":"https:\/\/www.colart.com\/en\/","name":"Colart","description":"","publisher":{"@id":"https:\/\/www.colart.com\/en\/#organization"},"potentialAction":[{"@type":"SearchAction","target":{"@type":"EntryPoint","urlTemplate":"https:\/\/www.colart.com\/en\/?s={search_term_string}"},"query-input":{"@type":"PropertyValueSpecification","valueRequired":true,"valueName":"search_term_string"}}],"inLanguage":"en-US"},{"@type":"Organization","@id":"https:\/\/www.colart.com\/en\/#organization","name":"Colart","url":"https:\/\/www.colart.com\/en\/","logo":{"@type":"ImageObject","inLanguage":"en-US","@id":"https:\/\/www.colart.com\/en\/#\/schema\/logo\/image\/","url":"https:\/\/www.colart.com\/en\/wp-content\/uploads\/sites\/21\/2018\/05\/colart-logo.png","contentUrl":"https:\/\/www.colart.com\/en\/wp-content\/uploads\/sites\/21\/2018\/05\/colart-logo.png","width":80,"height":115,"caption":"Colart"},"image":{"@id":"https:\/\/www.colart.com\/en\/#\/schema\/logo\/image\/"},"sameAs":["https:\/\/www.facebook.com\/colartunited\/","https:\/\/x.com\/colart_united","https:\/\/www.instagram.com\/colart_united\/","https:\/\/www.linkedin.com\/company\/colart\/","https:\/\/www.youtube.com\/channel\/UCt0-b04NSCvaFEK-1R9MvhQ"]}]}},"_links":{"self":[{"href":"https:\/\/www.colart.com\/en\/wp-json\/wp\/v2\/pages\/142","targetHints":{"allow":["GET"]}}],"collection":[{"href":"https:\/\/www.colart.com\/en\/wp-json\/wp\/v2\/pages"}],"about":[{"href":"https:\/\/www.colart.com\/en\/wp-json\/wp\/v2\/types\/page"}],"author":[{"embeddable":true,"href":"https:\/\/www.colart.com\/en\/wp-json\/wp\/v2\/users\/1"}],"replies":[{"embeddable":true,"href":"https:\/\/www.colart.com\/en\/wp-json\/wp\/v2\/comments?post=142"}],"version-history":[{"count":6,"href":"https:\/\/www.colart.com\/en\/wp-json\/wp\/v2\/pages\/142\/revisions"}],"predecessor-version":[{"id":5243,"href":"https:\/\/www.colart.com\/en\/wp-json\/wp\/v2\/pages\/142\/revisions\/5243"}],"up":[{"embeddable":true,"href":"https:\/\/www.colart.com\/en\/wp-json\/wp\/v2\/pages\/130"}],"wp:attachment":[{"href":"https:\/\/www.colart.com\/en\/wp-json\/wp\/v2\/media?parent=142"}],"wp:term":[{"taxonomy":"colart_campaign","embeddable":true,"href":"https:\/\/www.colart.com\/en\/wp-json\/wp\/v2\/colart_campaign?post=142"}],"curies":[{"name":"wp","href":"https:\/\/api.w.org\/{rel}","templated":true}]}}